{"id":9,"date":"2021-12-21T12:03:18","date_gmt":"2021-12-21T11:03:18","guid":{"rendered":"http:\/\/cz.polcom.dev2.sttp.pl\/?page_id=9"},"modified":"2025-01-14T13:51:01","modified_gmt":"2025-01-14T12:51:01","slug":"o-polpharme","status":"publish","type":"page","link":"https:\/\/polpharma.pl\/int\/cz\/o-polpharme\/","title":{"rendered":"O Polpharm\u011b"},"content":{"rendered":"<p>Jsme l\u00eddry polsk\u00e9ho farmaceutick\u00e9ho trhu a\u00a0jedn\u00edm z\u00a0\u010deln\u00edch producent\u016f l\u00e9k\u016f ve St\u0159edn\u00ed a\u00a0V\u00fdchodn\u00ed Evrop\u011b, St\u0159edn\u00ed Asii a\u00a0v\u00a0oblasti Kavkazu. Firma zah\u00e1jila svoji \u010dinnost v\u00a0roce 1935. Nab\u00edz\u00edme modern\u00ed l\u00e9ky, p\u0159\u00edpravky a\u00a0inovativn\u00ed \u0159e\u0161en\u00ed pro pacienty a\u00a0obchodn\u00ed partnery z\u00a0cel\u00e9ho sv\u011bta.<\/p>\n<p>&nbsp;<\/p>\n<p>Chceme lidem pom\u00e1hat \u017e\u00edt zdrav\u011b ve zdrav\u00e9m sv\u011bt\u011b. S\u00e1z\u00edme na kvalitu, bezpe\u010dnost a\u00a0inovace ve v\u0161ech oblastech, kde p\u016fsob\u00edme. D\u00edky \u0161irok\u00e9mu portfoliu produkt\u016f m\u016f\u017eeme pacient\u016fm poskytovat podporu p\u0159i l\u00e9\u010db\u011b a\u00a0prevenci nej\u010dast\u011bj\u0161\u00edch onemocn\u011bn\u00ed. Specializujeme se na kardiologii, neurologii, oftalmologii, pneumologii a\u00a0gastroenterologii.<\/p>\n<p>&nbsp;<\/p>\n<p>Spolupracujeme s\u00a0v\u011bdci a\u00a0neust\u00e1le investujeme do nov\u00fdch produkt\u016f a\u00a0vysp\u011bl\u00fdch technologi\u00ed a\u00a0poskytujeme pacient\u016fm p\u0159\u00edstup k\u00a0inovativn\u00edm \u0159e\u0161en\u00edm, na\u0161im zam\u011bstnanc\u016fm pak k\u00a0modern\u00edm poznatk\u016fm a\u00a0\u0161irok\u00fdm perspektiv\u00e1m rozvoje. Prost\u0159ednictv\u00edm V\u011bdeck\u00e9 nadace Polpharmy financujeme realizaci v\u011bdeck\u00fdch projekt\u016f v\u00a0oblasti farmacie a\u00a0l\u00e9ka\u0159stv\u00ed, a\u00a0tak\u00e9 stipendia pro mlad\u00e9 v\u011bdce. \u0158\u00edd\u00edme se my\u0161lenkou spole\u010densk\u00e9 odpov\u011bdnosti podnik\u00e1n\u00ed a\u00a0p\u0159i realizaci sv\u00fdch c\u00edl\u016f respektujeme soci\u00e1ln\u00ed a\u00a0environment\u00e1ln\u00ed aspekty a\u00a0nejvy\u0161\u0161\u00ed etick\u00e9 standardy.<\/p>\n","protected":false},"excerpt":{"rendered":"<p>Jsme l\u00eddry polsk\u00e9ho farmaceutick\u00e9ho trhu a\u00a0jedn\u00edm z\u00a0\u010deln\u00edch producent\u016f l\u00e9k\u016f ve St\u0159edn\u00ed a\u00a0V\u00fdchodn\u00ed Evrop\u011b, St\u0159edn\u00ed Asii a\u00a0v\u00a0oblasti Kavkazu. Firma zah\u00e1jila svoji \u010dinnost v\u00a0roce 1935. Nab\u00edz\u00edme modern\u00ed l\u00e9ky, p\u0159\u00edpravky a\u00a0inovativn\u00ed \u0159e\u0161en\u00ed pro pacienty a\u00a0obchodn\u00ed partnery z\u00a0cel\u00e9ho sv\u011bta. &nbsp; Chceme lidem pom\u00e1hat \u017e\u00edt zdrav\u011b ve zdrav\u00e9m sv\u011bt\u011b. S\u00e1z\u00edme na kvalitu, bezpe\u010dnost a\u00a0inovace ve v\u0161ech oblastech, kde p\u016fsob\u00edme. D\u00edky [&hellip;]<\/p>\n","protected":false},"author":1,"featured_media":49,"parent":0,"menu_order":0,"comment_status":"closed","ping_status":"closed","template":"template-about.php","meta":[],"acf":[],"_links":{"self":[{"href":"https:\/\/polpharma.pl\/int\/cz\/wp-json\/wp\/v2\/pages\/9"}],"collection":[{"href":"https:\/\/polpharma.pl\/int\/cz\/wp-json\/wp\/v2\/pages"}],"about":[{"href":"https:\/\/polpharma.pl\/int\/cz\/wp-json\/wp\/v2\/types\/page"}],"author":[{"embeddable":true,"href":"https:\/\/polpharma.pl\/int\/cz\/wp-json\/wp\/v2\/users\/1"}],"replies":[{"embeddable":true,"href":"https:\/\/polpharma.pl\/int\/cz\/wp-json\/wp\/v2\/comments?post=9"}],"version-history":[{"count":8,"href":"https:\/\/polpharma.pl\/int\/cz\/wp-json\/wp\/v2\/pages\/9\/revisions"}],"predecessor-version":[{"id":800,"href":"https:\/\/polpharma.pl\/int\/cz\/wp-json\/wp\/v2\/pages\/9\/revisions\/800"}],"wp:featuredmedia":[{"embeddable":true,"href":"https:\/\/polpharma.pl\/int\/cz\/wp-json\/wp\/v2\/media\/49"}],"wp:attachment":[{"href":"https:\/\/polpharma.pl\/int\/cz\/wp-json\/wp\/v2\/media?parent=9"}],"curies":[{"name":"wp","href":"https:\/\/api.w.org\/{rel}","templated":true}]}}