{"id":9,"date":"2021-12-21T12:03:18","date_gmt":"2021-12-21T11:03:18","guid":{"rendered":"http:\/\/ee.polcom.dev2.sttp.pl\/?page_id=9"},"modified":"2022-09-22T11:25:36","modified_gmt":"2022-09-22T09:25:36","slug":"meist","status":"publish","type":"page","link":"https:\/\/polpharma.pl\/int\/ee\/meist\/","title":{"rendered":"Meist"},"content":{"rendered":"<p>Oleme Poola ravimituru liider ja \u00fcks juhtivaid ravimitootjaid Kesk- ja Ida-Euroopa, Kesk-Aasia ja Kaukaasia piirkonnas.\u00a0 Meie ettev\u00f5te sai alguse 1935.\u00a0aastal. Pakume n\u00fc\u00fcdisaegseid ravimeid, raviaineid ja uuenduslikke lahendusi patsientidele ja \u00e4ripartneritele \u00fcle maailma.<\/p>\n<p>&nbsp;<\/p>\n<p>Soovime aidata inimestel kogu maailmas elada tervet elu. Panustame k\u00f5igis oma tegevusvaldkondades kvaliteedile, ohutusele ja uuenduslikkusele. T\u00e4nu laiale tootevalikule saame toetada patsiente enamlevinud haiguste ravis ja ennetamisel. Oleme spetsialiseerunud kardioloogiale, neuroloogiale, oftalmoloogiale, pulmonoloogiale ja gastroenteroloogiale.<\/p>\n<p>&nbsp;<\/p>\n<p>Teeme koost\u00f6\u00f6d teadlastega ning investeerime pidevalt uutesse toodetesse ja k\u00f5rgtehnoloogiatesse, v\u00f5imaldades patsientidele ligip\u00e4\u00e4su uuenduslikele lahendustele, meie t\u00f6\u00f6tajatele aga t\u00e4nap\u00e4evastele teadmistele ja laiaulatuslikele arenguv\u00e4ljavaadetele. Teadusfondi Polpharma kaudu rahastame farmaatsia- ja meditsiinivaldkonna teadusprojektide elluviimist ning noorteadlaste stipendiume. Tegutseme koosk\u00f5las ettev\u00f5tte sotsiaalse vastutuse ideega, viies oma eesm\u00e4rke ellu sotsiaalseid ja keskkonnaaspekte ning k\u00f5rgeimaid eetilisi standardeid austades.<\/p>\n","protected":false},"excerpt":{"rendered":"<p>Oleme Poola ravimituru liider ja \u00fcks juhtivaid ravimitootjaid Kesk- ja Ida-Euroopa, Kesk-Aasia ja Kaukaasia piirkonnas.\u00a0 Meie ettev\u00f5te sai alguse 1935.\u00a0aastal. Pakume n\u00fc\u00fcdisaegseid ravimeid, raviaineid ja uuenduslikke lahendusi patsientidele ja \u00e4ripartneritele \u00fcle maailma. &nbsp; Soovime aidata inimestel kogu maailmas elada tervet elu. Panustame k\u00f5igis oma tegevusvaldkondades kvaliteedile, ohutusele ja uuenduslikkusele. T\u00e4nu laiale tootevalikule saame toetada patsiente [&hellip;]<\/p>\n","protected":false},"author":1,"featured_media":49,"parent":0,"menu_order":0,"comment_status":"closed","ping_status":"closed","template":"template-about.php","meta":[],"acf":[],"_links":{"self":[{"href":"https:\/\/polpharma.pl\/int\/ee\/wp-json\/wp\/v2\/pages\/9"}],"collection":[{"href":"https:\/\/polpharma.pl\/int\/ee\/wp-json\/wp\/v2\/pages"}],"about":[{"href":"https:\/\/polpharma.pl\/int\/ee\/wp-json\/wp\/v2\/types\/page"}],"author":[{"embeddable":true,"href":"https:\/\/polpharma.pl\/int\/ee\/wp-json\/wp\/v2\/users\/1"}],"replies":[{"embeddable":true,"href":"https:\/\/polpharma.pl\/int\/ee\/wp-json\/wp\/v2\/comments?post=9"}],"version-history":[{"count":10,"href":"https:\/\/polpharma.pl\/int\/ee\/wp-json\/wp\/v2\/pages\/9\/revisions"}],"predecessor-version":[{"id":171,"href":"https:\/\/polpharma.pl\/int\/ee\/wp-json\/wp\/v2\/pages\/9\/revisions\/171"}],"wp:featuredmedia":[{"embeddable":true,"href":"https:\/\/polpharma.pl\/int\/ee\/wp-json\/wp\/v2\/media\/49"}],"wp:attachment":[{"href":"https:\/\/polpharma.pl\/int\/ee\/wp-json\/wp\/v2\/media?parent=9"}],"curies":[{"name":"wp","href":"https:\/\/api.w.org\/{rel}","templated":true}]}}