{"id":825,"date":"2022-12-05T17:09:56","date_gmt":"2022-12-05T16:09:56","guid":{"rendered":"https:\/\/polpharma.pl\/int\/lt\/?page_id=825"},"modified":"2025-06-23T12:26:14","modified_gmt":"2025-06-23T10:26:14","slug":"mokomoji-medziaga","status":"publish","type":"page","link":"https:\/\/polpharma.pl\/int\/lt\/mokomoji-medziaga\/","title":{"rendered":"Mokomoji med\u017eiaga"},"content":{"rendered":"<p>Mokomoji med\u017eiaga papildo informacij\u0105 apie vaistin\u012f preparat\u0105 (preparato charakteristik\u0173 santrauk\u0105, pakuot\u0117s lapel\u012f) ir palengvina vaistini\u0173 preparat\u0173 vartojimo s\u0105lyg\u0173 suprantamum\u0105, darydama palanki\u0105 \u012ftak\u0105 sveikatos prie\u017ei\u016bros specialist\u0173 (gydytoj\u0173, vaistinink\u0173, slaugytoj\u0173), pacient\u0173 ar juos slaugan\u010di\u0173 asmen\u0173 veiklai. Ji sutelkia d\u0117mes\u012f \u012f siektinus tikslus ir pateikia ai\u0161ki\u0105 ir glaust\u0105 informacij\u0105, apib\u016bdinan\u010di\u0105 veikl\u0105, kurios reikia imtis, siekiant u\u017ekirsti keli\u0105 bet kokiai reik\u0161mingai rizikai, optimizuojant rizikos ir naudos santyk\u012f.<\/p>\n","protected":false},"excerpt":{"rendered":"<p>Mokomoji med\u017eiaga papildo informacij\u0105 apie vaistin\u012f preparat\u0105 (preparato charakteristik\u0173 santrauk\u0105, pakuot\u0117s lapel\u012f) ir palengvina vaistini\u0173 preparat\u0173 vartojimo s\u0105lyg\u0173 suprantamum\u0105, darydama palanki\u0105 \u012ftak\u0105 sveikatos prie\u017ei\u016bros specialist\u0173 (gydytoj\u0173, vaistinink\u0173, slaugytoj\u0173), pacient\u0173 ar juos slaugan\u010di\u0173 asmen\u0173 veiklai. Ji sutelkia d\u0117mes\u012f \u012f siektinus tikslus ir pateikia ai\u0161ki\u0105 ir glaust\u0105 informacij\u0105, apib\u016bdinan\u010di\u0105 veikl\u0105, kurios reikia imtis, siekiant u\u017ekirsti keli\u0105 bet [&hellip;]<\/p>\n","protected":false},"author":1,"featured_media":834,"parent":0,"menu_order":0,"comment_status":"closed","ping_status":"closed","template":"template-education.php","meta":[],"acf":[],"_links":{"self":[{"href":"https:\/\/polpharma.pl\/int\/lt\/wp-json\/wp\/v2\/pages\/825"}],"collection":[{"href":"https:\/\/polpharma.pl\/int\/lt\/wp-json\/wp\/v2\/pages"}],"about":[{"href":"https:\/\/polpharma.pl\/int\/lt\/wp-json\/wp\/v2\/types\/page"}],"author":[{"embeddable":true,"href":"https:\/\/polpharma.pl\/int\/lt\/wp-json\/wp\/v2\/users\/1"}],"replies":[{"embeddable":true,"href":"https:\/\/polpharma.pl\/int\/lt\/wp-json\/wp\/v2\/comments?post=825"}],"version-history":[{"count":13,"href":"https:\/\/polpharma.pl\/int\/lt\/wp-json\/wp\/v2\/pages\/825\/revisions"}],"predecessor-version":[{"id":1242,"href":"https:\/\/polpharma.pl\/int\/lt\/wp-json\/wp\/v2\/pages\/825\/revisions\/1242"}],"wp:featuredmedia":[{"embeddable":true,"href":"https:\/\/polpharma.pl\/int\/lt\/wp-json\/wp\/v2\/media\/834"}],"wp:attachment":[{"href":"https:\/\/polpharma.pl\/int\/lt\/wp-json\/wp\/v2\/media?parent=825"}],"curies":[{"name":"wp","href":"https:\/\/api.w.org\/{rel}","templated":true}]}}