{"id":9,"date":"2021-12-21T12:03:18","date_gmt":"2021-12-21T11:03:18","guid":{"rendered":"http:\/\/lt.polcom.dev2.sttp.pl\/?page_id=9"},"modified":"2022-01-14T13:29:57","modified_gmt":"2022-01-14T12:29:57","slug":"apie-polpharma","status":"publish","type":"page","link":"https:\/\/polpharma.pl\/int\/lt\/apie-polpharma\/","title":{"rendered":"APIE POLPHARMA"},"content":{"rendered":"<p>Esame Lenkijos farmacijos rinkos lyderis ir vienas i\u0161 pirmaujan\u010di\u0173 vaist\u0173 gamintoj\u0173 Vidurio ir Ryt\u0173 Europos, Centrin\u0117s Azijos ir Kaukazo regionuose. M\u016bs\u0173 \u012fmon\u0117 \u012fkurta 1935 metais. Si\u016blome \u0161iuolaiki\u0161kus vaistus, med\u017eiagas ir inovatyvius sprendimus pacientams ir verslo partneriams i\u0161 viso pasaulio.<\/p>\n<p>&nbsp;<\/p>\n<p>Siekiame pad\u0117ti \u017emon\u0117ms gyventi sveikai visame pasaulyje. Mums svarbiausia yra kokyb\u0117, sauga ir inovacijos visose m\u016bs\u0173 veiklos srityse. Platus produkt\u0173 asortimentas suteikia mums galimyb\u0119 pad\u0117ti pacientams gydyti ir u\u017ekirsti keli\u0105 da\u017eniausiai pasitaikan\u010dioms ligoms. M\u016bs\u0173 specializacija \u2013 kardiologija, neurologija, oftalmologija, pulmonologija, gastroenterologija.<\/p>\n<p>&nbsp;<\/p>\n<p>Bendradarbiaujame su mokslininkais ir vis\u0105 laik\u0105 investuojame \u012f naujuosius produktus ir pa\u017eangi\u0105sias technologija, kad pacientams suteiktume galimyb\u0119 gauti inovacini\u0173 sprendim\u0173, o m\u016bs\u0173 darbuotojas \u2013 \u0161iuolaiki\u0161k\u0173 \u017eini\u0173 ir pla\u010dias tobul\u0117jimo perspektyvas. \u201ePolpharma\u201c mokslo fondo l\u0117\u0161omis finansuojame farmacijos ir medicinos sri\u010di\u0173 mokslinius projektus, teikiame stipendijas jauniesiems mokslininkams. Veikl\u0105 vykdome vadovaudamiesi socialiai atsakingo verslo id\u0117ja, savo tiksl\u0173 siekiame gerbdami socialinius, aplinkos aspektus ir laikydamiesi auk\u0161\u010diausi\u0173 etikos standart\u0173.<\/p>\n","protected":false},"excerpt":{"rendered":"<p>Esame Lenkijos farmacijos rinkos lyderis ir vienas i\u0161 pirmaujan\u010di\u0173 vaist\u0173 gamintoj\u0173 Vidurio ir Ryt\u0173 Europos, Centrin\u0117s Azijos ir Kaukazo regionuose. M\u016bs\u0173 \u012fmon\u0117 \u012fkurta 1935 metais. Si\u016blome \u0161iuolaiki\u0161kus vaistus, med\u017eiagas ir inovatyvius sprendimus pacientams ir verslo partneriams i\u0161 viso pasaulio. &nbsp; Siekiame pad\u0117ti \u017emon\u0117ms gyventi sveikai visame pasaulyje. Mums svarbiausia yra kokyb\u0117, sauga ir inovacijos visose [&hellip;]<\/p>\n","protected":false},"author":1,"featured_media":49,"parent":0,"menu_order":0,"comment_status":"closed","ping_status":"closed","template":"template-about.php","meta":[],"acf":[],"_links":{"self":[{"href":"https:\/\/polpharma.pl\/int\/lt\/wp-json\/wp\/v2\/pages\/9"}],"collection":[{"href":"https:\/\/polpharma.pl\/int\/lt\/wp-json\/wp\/v2\/pages"}],"about":[{"href":"https:\/\/polpharma.pl\/int\/lt\/wp-json\/wp\/v2\/types\/page"}],"author":[{"embeddable":true,"href":"https:\/\/polpharma.pl\/int\/lt\/wp-json\/wp\/v2\/users\/1"}],"replies":[{"embeddable":true,"href":"https:\/\/polpharma.pl\/int\/lt\/wp-json\/wp\/v2\/comments?post=9"}],"version-history":[{"count":9,"href":"https:\/\/polpharma.pl\/int\/lt\/wp-json\/wp\/v2\/pages\/9\/revisions"}],"predecessor-version":[{"id":96,"href":"https:\/\/polpharma.pl\/int\/lt\/wp-json\/wp\/v2\/pages\/9\/revisions\/96"}],"wp:featuredmedia":[{"embeddable":true,"href":"https:\/\/polpharma.pl\/int\/lt\/wp-json\/wp\/v2\/media\/49"}],"wp:attachment":[{"href":"https:\/\/polpharma.pl\/int\/lt\/wp-json\/wp\/v2\/media?parent=9"}],"curies":[{"name":"wp","href":"https:\/\/api.w.org\/{rel}","templated":true}]}}