{"id":15,"date":"2021-12-21T12:03:58","date_gmt":"2021-12-21T11:03:58","guid":{"rendered":"http:\/\/lv.polcom.dev2.sttp.pl\/?page_id=15"},"modified":"2024-07-30T09:38:32","modified_gmt":"2024-07-30T07:38:32","slug":"parskatamibas-zinojums","status":"publish","type":"page","link":"https:\/\/polpharma.pl\/int\/lv\/parskatamibas-zinojums\/","title":{"rendered":"P\u0101rskat\u0101m\u012bbas zi\u0146ojums"},"content":{"rendered":"","protected":false},"excerpt":{"rendered":"","protected":false},"author":1,"featured_media":53,"parent":0,"menu_order":0,"comment_status":"closed","ping_status":"closed","template":"template-report.php","meta":[],"acf":[],"_links":{"self":[{"href":"https:\/\/polpharma.pl\/int\/lv\/wp-json\/wp\/v2\/pages\/15"}],"collection":[{"href":"https:\/\/polpharma.pl\/int\/lv\/wp-json\/wp\/v2\/pages"}],"about":[{"href":"https:\/\/polpharma.pl\/int\/lv\/wp-json\/wp\/v2\/types\/page"}],"author":[{"embeddable":true,"href":"https:\/\/polpharma.pl\/int\/lv\/wp-json\/wp\/v2\/users\/1"}],"replies":[{"embeddable":true,"href":"https:\/\/polpharma.pl\/int\/lv\/wp-json\/wp\/v2\/comments?post=15"}],"version-history":[{"count":12,"href":"https:\/\/polpharma.pl\/int\/lv\/wp-json\/wp\/v2\/pages\/15\/revisions"}],"predecessor-version":[{"id":781,"href":"https:\/\/polpharma.pl\/int\/lv\/wp-json\/wp\/v2\/pages\/15\/revisions\/781"}],"wp:featuredmedia":[{"embeddable":true,"href":"https:\/\/polpharma.pl\/int\/lv\/wp-json\/wp\/v2\/media\/53"}],"wp:attachment":[{"href":"https:\/\/polpharma.pl\/int\/lv\/wp-json\/wp\/v2\/media?parent=15"}],"curies":[{"name":"wp","href":"https:\/\/api.w.org\/{rel}","templated":true}]}}