{"id":700,"date":"2024-02-23T12:41:19","date_gmt":"2024-02-23T11:41:19","guid":{"rendered":"https:\/\/polpharma.pl\/int\/lv\/?page_id=700"},"modified":"2025-08-14T10:37:58","modified_gmt":"2025-08-14T08:37:58","slug":"macibu-materiali","status":"publish","type":"page","link":"https:\/\/polpharma.pl\/int\/lv\/macibu-materiali\/","title":{"rendered":"M\u0101c\u012bbu materi\u0101li"},"content":{"rendered":"<p>M\u0101c\u012bbu materi\u0101li papildina inform\u0101ciju par z\u0101\u013cu lieto\u0161anu (z\u0101\u013cu aprakstu un pacientiem paredz\u0113to lieto\u0161anas instrukciju) un uzlabo z\u0101\u013cu lieto\u0161anas apst\u0101k\u013cus, jo atvieglo vesel\u012bbas apr\u016bpes speci\u0101listu (\u0101rstu, farmaceitu un medm\u0101su) darbu un pacientu vai vi\u0146u apr\u016bp\u0113t\u0101ju dz\u012bvi. Materi\u0101los galven\u0101 uzman\u012bba ir piev\u0113rsta sasniedzamiem m\u0113r\u0137iem, un tajos ir nep\u0101rprotama un lakoniska inform\u0101cija par to, k\u0101 nepie\u013caut vai maksim\u0101li v\u0101jin\u0101t visus noz\u012bm\u012bgos riska faktorus un uzlabot riska un ieguvuma attiec\u012bbu.<\/p>\n","protected":false},"excerpt":{"rendered":"<p>M\u0101c\u012bbu materi\u0101li papildina inform\u0101ciju par z\u0101\u013cu lieto\u0161anu (z\u0101\u013cu aprakstu un pacientiem paredz\u0113to lieto\u0161anas instrukciju) un uzlabo z\u0101\u013cu lieto\u0161anas apst\u0101k\u013cus, jo atvieglo vesel\u012bbas apr\u016bpes speci\u0101listu (\u0101rstu, farmaceitu un medm\u0101su) darbu un pacientu vai vi\u0146u apr\u016bp\u0113t\u0101ju dz\u012bvi. Materi\u0101los galven\u0101 uzman\u012bba ir piev\u0113rsta sasniedzamiem m\u0113r\u0137iem, un tajos ir nep\u0101rprotama un lakoniska inform\u0101cija par to, k\u0101 nepie\u013caut vai maksim\u0101li [&hellip;]<\/p>\n","protected":false},"author":1,"featured_media":55,"parent":0,"menu_order":0,"comment_status":"closed","ping_status":"closed","template":"template-education.php","meta":[],"acf":[],"_links":{"self":[{"href":"https:\/\/polpharma.pl\/int\/lv\/wp-json\/wp\/v2\/pages\/700"}],"collection":[{"href":"https:\/\/polpharma.pl\/int\/lv\/wp-json\/wp\/v2\/pages"}],"about":[{"href":"https:\/\/polpharma.pl\/int\/lv\/wp-json\/wp\/v2\/types\/page"}],"author":[{"embeddable":true,"href":"https:\/\/polpharma.pl\/int\/lv\/wp-json\/wp\/v2\/users\/1"}],"replies":[{"embeddable":true,"href":"https:\/\/polpharma.pl\/int\/lv\/wp-json\/wp\/v2\/comments?post=700"}],"version-history":[{"count":13,"href":"https:\/\/polpharma.pl\/int\/lv\/wp-json\/wp\/v2\/pages\/700\/revisions"}],"predecessor-version":[{"id":882,"href":"https:\/\/polpharma.pl\/int\/lv\/wp-json\/wp\/v2\/pages\/700\/revisions\/882"}],"wp:featuredmedia":[{"embeddable":true,"href":"https:\/\/polpharma.pl\/int\/lv\/wp-json\/wp\/v2\/media\/55"}],"wp:attachment":[{"href":"https:\/\/polpharma.pl\/int\/lv\/wp-json\/wp\/v2\/media?parent=700"}],"curies":[{"name":"wp","href":"https:\/\/api.w.org\/{rel}","templated":true}]}}