{"id":9,"date":"2021-12-21T12:03:18","date_gmt":"2021-12-21T11:03:18","guid":{"rendered":"http:\/\/lv.polcom.dev2.sttp.pl\/?page_id=9"},"modified":"2022-03-24T14:39:13","modified_gmt":"2022-03-24T13:39:13","slug":"par-uznemumu-polpharma","status":"publish","type":"page","link":"https:\/\/polpharma.pl\/int\/lv\/par-uznemumu-polpharma\/","title":{"rendered":"Par uz\u0146\u0113mumu Polpharma"},"content":{"rendered":"<p>M\u016bsu uz\u0146\u0113mums ir Polijas farm\u0101cijas tirgus l\u012bderis un viens no vado\u0161ajiem z\u0101\u013cu ra\u017eot\u0101jiem Centr\u0101laj\u0101 un Austrumeirop\u0101, Centr\u0101laj\u0101 \u0100zij\u0101 un Kauk\u0101za re\u0123ion\u0101. M\u016bsu uz\u0146\u0113muma darb\u012bbas s\u0101kums ir 1935.\u00a0gads. M\u0113s pied\u0101v\u0101jam modernas z\u0101les, vielas un inovat\u012bvus risin\u0101jumus pacientiem un biznesa partneriem vis\u0101 pasaul\u0113.<\/p>\n<p>&nbsp;<\/p>\n<p>M\u0113s v\u0113lamies pal\u012bdz\u0113t cilv\u0113kiem dz\u012bvot vesel\u012bgi vesel\u012bg\u0101 pasaul\u0113. M\u016bsu priorit\u0101tes ir kvalit\u0101te, dro\u0161\u012bba un inov\u0101cijas vis\u0101s m\u016bsu darb\u012bbas jom\u0101s. Pla\u0161s izstr\u0101d\u0101jumu portfelis \u013cauj mums atbalst\u012bt pacientus visbie\u017e\u0101k sastopamo slim\u012bbu \u0101rst\u0113\u0161an\u0101 un profilaks\u0113. M\u0113s specializ\u0113jamies kardiolo\u0123ij\u0101, neirolo\u0123ij\u0101, oftalmolo\u0123ij\u0101, pulmonolo\u0123ij\u0101, gastroenterolo\u0123ij\u0101.<\/p>\n<p>&nbsp;<\/p>\n<p>M\u0113s sadarbojamies ar zin\u0101tniekiem un past\u0101v\u012bgi veicam ieguld\u012bjumus jaunos izstr\u0101d\u0101jumos un augstaj\u0101s tehnolo\u0123ij\u0101s, nodro\u0161inot pacientiem piek\u013cuvi inovat\u012bviem risin\u0101jumiem un saviem darbiniekiem \u2014 modern\u0101m zin\u0101\u0161an\u0101m un pla\u0161\u0101m att\u012bst\u012bbas perspekt\u012bv\u0101m. Ar <em>Polpharma<\/em> Zin\u0101tnisko fonda starpniec\u012bbu finans\u0113jam zin\u0101tnisku projektu farm\u0101cijas un medic\u012bnas jom\u0101 \u012bsteno\u0161anu un stipendijas jauniem zin\u0101tniekiem. Sav\u0101 darb\u012bb\u0101 vad\u0101mies p\u0113c uz\u0146\u0113mumu soci\u0101l\u0101s atbild\u012bbas principa un \u012bstenojam savus m\u0113r\u0137us, iev\u0113rojot soci\u0101los un vides aspektus un augst\u0101kos \u0113tikas standartus.<\/p>\n","protected":false},"excerpt":{"rendered":"<p>M\u016bsu uz\u0146\u0113mums ir Polijas farm\u0101cijas tirgus l\u012bderis un viens no vado\u0161ajiem z\u0101\u013cu ra\u017eot\u0101jiem Centr\u0101laj\u0101 un Austrumeirop\u0101, Centr\u0101laj\u0101 \u0100zij\u0101 un Kauk\u0101za re\u0123ion\u0101. M\u016bsu uz\u0146\u0113muma darb\u012bbas s\u0101kums ir 1935.\u00a0gads. M\u0113s pied\u0101v\u0101jam modernas z\u0101les, vielas un inovat\u012bvus risin\u0101jumus pacientiem un biznesa partneriem vis\u0101 pasaul\u0113. &nbsp; M\u0113s v\u0113lamies pal\u012bdz\u0113t cilv\u0113kiem dz\u012bvot vesel\u012bgi vesel\u012bg\u0101 pasaul\u0113. M\u016bsu priorit\u0101tes ir kvalit\u0101te, dro\u0161\u012bba [&hellip;]<\/p>\n","protected":false},"author":1,"featured_media":49,"parent":0,"menu_order":0,"comment_status":"closed","ping_status":"closed","template":"template-about.php","meta":[],"acf":[],"_links":{"self":[{"href":"https:\/\/polpharma.pl\/int\/lv\/wp-json\/wp\/v2\/pages\/9"}],"collection":[{"href":"https:\/\/polpharma.pl\/int\/lv\/wp-json\/wp\/v2\/pages"}],"about":[{"href":"https:\/\/polpharma.pl\/int\/lv\/wp-json\/wp\/v2\/types\/page"}],"author":[{"embeddable":true,"href":"https:\/\/polpharma.pl\/int\/lv\/wp-json\/wp\/v2\/users\/1"}],"replies":[{"embeddable":true,"href":"https:\/\/polpharma.pl\/int\/lv\/wp-json\/wp\/v2\/comments?post=9"}],"version-history":[{"count":9,"href":"https:\/\/polpharma.pl\/int\/lv\/wp-json\/wp\/v2\/pages\/9\/revisions"}],"predecessor-version":[{"id":482,"href":"https:\/\/polpharma.pl\/int\/lv\/wp-json\/wp\/v2\/pages\/9\/revisions\/482"}],"wp:featuredmedia":[{"embeddable":true,"href":"https:\/\/polpharma.pl\/int\/lv\/wp-json\/wp\/v2\/media\/49"}],"wp:attachment":[{"href":"https:\/\/polpharma.pl\/int\/lv\/wp-json\/wp\/v2\/media?parent=9"}],"curies":[{"name":"wp","href":"https:\/\/api.w.org\/{rel}","templated":true}]}}