{"id":224,"date":"2024-06-20T09:49:15","date_gmt":"2024-06-20T07:49:15","guid":{"rendered":"https:\/\/polpharma.pl\/int\/sk\/?page_id=224"},"modified":"2024-06-20T09:50:55","modified_gmt":"2024-06-20T07:50:55","slug":"ostatne","status":"publish","type":"page","link":"https:\/\/polpharma.pl\/int\/sk\/ostatne\/","title":{"rendered":"Natur-pack certifik\u00e1ty"},"content":{"rendered":"<p class=\"d-lg-flex align-items-center\"><a href=\"https:\/\/polpharma.pl\/int\/sk\/wp-content\/uploads\/sites\/8\/2024\/06\/natur-pack-certifikat-environmentalne-zodpovedny-vyrobca.pdf\" target=\"_blank\" rel=\"noopener\"> <img loading=\"lazy\" class=\"alignnone mr-30 size-full d-block wp-image-231 alignleft\" src=\"https:\/\/polpharma.pl\/int\/sk\/wp-content\/uploads\/sites\/8\/2024\/06\/pdf.png\" alt=\"\" width=\"64\" height=\"80\" \/> <\/a> <a href=\"https:\/\/polpharma.pl\/int\/sk\/wp-content\/uploads\/sites\/8\/2024\/06\/natur-pack-certifikat-environmentalne-zodpovedny-vyrobca.pdf\" target=\"_blank\" rel=\"noopener\">Natur-pack certifik\u00e1t Environment\u00e1lne zodpovedn\u00fd v\u00fdrobca<\/a><\/p>\n<p class=\"d-lg-flex align-items-center\"><a href=\"https:\/\/polpharma.pl\/int\/sk\/wp-content\/uploads\/sites\/8\/2024\/06\/natur-pack-certifikat-vyrobca-obalov-a-neobalovych-vyrobkov.pdf\" target=\"_blank\" rel=\"noopener\"> <img loading=\"lazy\" class=\"alignnone size-full d-block mr-30 wp-image-231 alignleft\" src=\"https:\/\/polpharma.pl\/int\/sk\/wp-content\/uploads\/sites\/8\/2024\/06\/pdf.png\" alt=\"\" width=\"64\" height=\"80\" \/> <\/a> <a href=\"https:\/\/polpharma.pl\/int\/sk\/wp-content\/uploads\/sites\/8\/2024\/06\/natur-pack-certifikat-vyrobca-obalov-a-neobalovych-vyrobkov.pdf\" target=\"_blank\" rel=\"noopener\">Natur-pack certifik\u00e1t v\u00fdrobca obalov a neobalov\u00fdch v\u00fdrobkov<\/a><\/p>\n","protected":false},"excerpt":{"rendered":"<p>Natur-pack certifik\u00e1t Environment\u00e1lne zodpovedn\u00fd v\u00fdrobca Natur-pack certifik\u00e1t v\u00fdrobca obalov a neobalov\u00fdch v\u00fdrobkov<\/p>\n","protected":false},"author":1,"featured_media":0,"parent":0,"menu_order":0,"comment_status":"closed","ping_status":"closed","template":"","meta":[],"acf":[],"_links":{"self":[{"href":"https:\/\/polpharma.pl\/int\/sk\/wp-json\/wp\/v2\/pages\/224"}],"collection":[{"href":"https:\/\/polpharma.pl\/int\/sk\/wp-json\/wp\/v2\/pages"}],"about":[{"href":"https:\/\/polpharma.pl\/int\/sk\/wp-json\/wp\/v2\/types\/page"}],"author":[{"embeddable":true,"href":"https:\/\/polpharma.pl\/int\/sk\/wp-json\/wp\/v2\/users\/1"}],"replies":[{"embeddable":true,"href":"https:\/\/polpharma.pl\/int\/sk\/wp-json\/wp\/v2\/comments?post=224"}],"version-history":[{"count":14,"href":"https:\/\/polpharma.pl\/int\/sk\/wp-json\/wp\/v2\/pages\/224\/revisions"}],"predecessor-version":[{"id":242,"href":"https:\/\/polpharma.pl\/int\/sk\/wp-json\/wp\/v2\/pages\/224\/revisions\/242"}],"wp:attachment":[{"href":"https:\/\/polpharma.pl\/int\/sk\/wp-json\/wp\/v2\/media?parent=224"}],"curies":[{"name":"wp","href":"https:\/\/api.w.org\/{rel}","templated":true}]}}