{"id":9,"date":"2021-12-21T12:03:18","date_gmt":"2021-12-21T11:03:18","guid":{"rendered":"http:\/\/sk.polcom.dev2.sttp.pl\/?page_id=9"},"modified":"2023-02-16T16:05:08","modified_gmt":"2023-02-16T15:05:08","slug":"o-spolocnosti-polpharma","status":"publish","type":"page","link":"https:\/\/polpharma.pl\/int\/sk\/o-spolocnosti-polpharma\/","title":{"rendered":"O spolo\u010dnosti Polpharma"},"content":{"rendered":"<p>Sme l\u00eddrom na\u00a0po\u013eskom farmaceutickom trhu a jedn\u00fdm z\u00a0popredn\u00fdch v\u00fdrobcov liekov v\u00a0regi\u00f3ne strednej a v\u00fdchodnej Eur\u00f3py, strednej \u00c1zie a Kaukazu. Po\u010diatky na\u0161ej spolo\u010dnosti siahaj\u00fa do\u00a0roku 1935. Pon\u00fakame modern\u00e9 lieky, \u00fa\u010dinn\u00e9 l\u00e1tky a inovat\u00edvne rie\u0161enia pre\u00a0pacientov a obchodn\u00fdch partnerov z\u00a0cel\u00e9ho sveta.<\/p>\n<p>&nbsp;<\/p>\n<p>Chceme pom\u00e1ha\u0165 \u013eu\u010fom, aby mohli \u017ei\u0165 zdrav\u00fd \u017eivot v\u00a0zdravom svete. Vo\u00a0v\u0161etk\u00fdch oblastiach svojho p\u00f4sobenia kladieme d\u00f4raz na\u00a0kvalitu, bezpe\u010dnos\u0165 a inov\u00e1cie. V\u010faka \u0161irok\u00e9mu portf\u00f3liu v\u00fdrobkov pom\u00e1hame pacientom pri\u00a0lie\u010dbe a prevencii naj\u010dastej\u0161\u00edch ochoren\u00ed. \u0160pecializujeme sa na\u00a0kardiol\u00f3giu, neurol\u00f3giu, oftalmol\u00f3giu, pneumol\u00f3giu a gastroenterol\u00f3giu.<\/p>\n<p>&nbsp;<\/p>\n<p>Spolupracujeme s\u00a0vedcami a neust\u00e1le investujeme do\u00a0v\u00fdvoja nov\u00fdch v\u00fdrobkov a pokro\u010dil\u00fdch technol\u00f3gi\u00ed, \u010d\u00edm poskytujeme pacientom pr\u00edstup k\u00a0inovat\u00edvnym rie\u0161eniam a svojim zamestnancom \u2013 pr\u00edstup k\u00a0najnov\u0161\u00edm poznatkom a \u0161irok\u00fdm mo\u017enostiam rozvoja. Prostredn\u00edctvom Vedeckej nad\u00e1cie spolo\u010dnosti Polpharma financujeme vedeck\u00e9 projekty v\u00a0oblasti farm\u00e1cie a medic\u00edny a \u0161tipendi\u00e1 pre\u00a0mlad\u00fdch vedcov. Kon\u00e1me v\u00a0s\u00falade s\u00a0my\u0161lienkou spolo\u010denskej zodpovednosti podnikov a pri\u00a0realiz\u00e1cii svojich cie\u013eov re\u0161pektujeme soci\u00e1lne a environment\u00e1lne aspekty, ako aj najvy\u0161\u0161ie etick\u00e9 normy.<\/p>\n","protected":false},"excerpt":{"rendered":"<p>Sme l\u00eddrom na\u00a0po\u013eskom farmaceutickom trhu a jedn\u00fdm z\u00a0popredn\u00fdch v\u00fdrobcov liekov v\u00a0regi\u00f3ne strednej a v\u00fdchodnej Eur\u00f3py, strednej \u00c1zie a Kaukazu. Po\u010diatky na\u0161ej spolo\u010dnosti siahaj\u00fa do\u00a0roku 1935. Pon\u00fakame modern\u00e9 lieky, \u00fa\u010dinn\u00e9 l\u00e1tky a inovat\u00edvne rie\u0161enia pre\u00a0pacientov a obchodn\u00fdch partnerov z\u00a0cel\u00e9ho sveta. &nbsp; Chceme pom\u00e1ha\u0165 \u013eu\u010fom, aby mohli \u017ei\u0165 zdrav\u00fd \u017eivot v\u00a0zdravom svete. Vo\u00a0v\u0161etk\u00fdch oblastiach svojho p\u00f4sobenia kladieme [&hellip;]<\/p>\n","protected":false},"author":1,"featured_media":49,"parent":0,"menu_order":0,"comment_status":"closed","ping_status":"closed","template":"template-about.php","meta":[],"acf":[],"_links":{"self":[{"href":"https:\/\/polpharma.pl\/int\/sk\/wp-json\/wp\/v2\/pages\/9"}],"collection":[{"href":"https:\/\/polpharma.pl\/int\/sk\/wp-json\/wp\/v2\/pages"}],"about":[{"href":"https:\/\/polpharma.pl\/int\/sk\/wp-json\/wp\/v2\/types\/page"}],"author":[{"embeddable":true,"href":"https:\/\/polpharma.pl\/int\/sk\/wp-json\/wp\/v2\/users\/1"}],"replies":[{"embeddable":true,"href":"https:\/\/polpharma.pl\/int\/sk\/wp-json\/wp\/v2\/comments?post=9"}],"version-history":[{"count":9,"href":"https:\/\/polpharma.pl\/int\/sk\/wp-json\/wp\/v2\/pages\/9\/revisions"}],"predecessor-version":[{"id":174,"href":"https:\/\/polpharma.pl\/int\/sk\/wp-json\/wp\/v2\/pages\/9\/revisions\/174"}],"wp:featuredmedia":[{"embeddable":true,"href":"https:\/\/polpharma.pl\/int\/sk\/wp-json\/wp\/v2\/media\/49"}],"wp:attachment":[{"href":"https:\/\/polpharma.pl\/int\/sk\/wp-json\/wp\/v2\/media?parent=9"}],"curies":[{"name":"wp","href":"https:\/\/api.w.org\/{rel}","templated":true}]}}